{"id":2258,"date":"2025-01-30T09:35:55","date_gmt":"2025-01-30T09:35:55","guid":{"rendered":"https:\/\/revpanda.com\/at\/?page_id=2258"},"modified":"2026-02-16T13:14:21","modified_gmt":"2026-02-16T13:14:21","slug":"zypern","status":"publish","type":"page","link":"https:\/\/revpanda.com\/at\/online-casinos\/zypern\/","title":{"rendered":"Online-Casinos in Zypern"},"content":{"rendered":"","protected":false},"excerpt":{"rendered":"","protected":false},"author":14,"featured_media":0,"parent":288,"menu_order":0,"comment_status":"closed","ping_status":"closed","template":"","meta":{"footnotes":""},"acf":[],"yoast_head":"<!-- This site is optimized with the Yoast SEO plugin v21.5 - https:\/\/yoast.com\/wordpress\/plugins\/seo\/ -->\n<title>Online-Casinos in Zypern f\u00fcr \u00f6sterreichische Spieler 2026<\/title>\n<meta name=\"description\" content=\"Sind Online-Casinos in Zypern f\u00fcr Spieler aus \u00d6sterreich legal und sicher? Alles zu Spielen, Boni und Vorteilen.\" \/>\n<meta name=\"robots\" content=\"index, follow, max-snippet:-1, max-image-preview:large, max-video-preview:-1\" \/>\n<link rel=\"canonical\" href=\"https:\/\/revpanda.com\/at\/online-casinos\/zypern\/\" \/>\n<meta property=\"og:locale\" content=\"de_DE\" \/>\n<meta property=\"og:type\" content=\"article\" \/>\n<meta property=\"og:title\" content=\"Revpanda\" \/>\n<meta property=\"og:description\" content=\"Sind Online-Casinos in Zypern f\u00fcr Spieler aus \u00d6sterreich legal und sicher? Alles zu Spielen, Boni und Vorteilen.\" \/>\n<meta property=\"og:url\" content=\"https:\/\/revpanda.com\/at\/online-casinos\/zypern\/\" \/>\n<meta property=\"og:site_name\" content=\"Revpanda\" \/>\n<meta property=\"article:modified_time\" content=\"2026-02-16T13:14:21+00:00\" \/>\n<meta name=\"twitter:card\" content=\"summary_large_image\" \/>\n<script type=\"application\/ld+json\" class=\"yoast-schema-graph\">{\"@context\":\"https:\/\/schema.org\",\"@graph\":[{\"@type\":\"WebPage\",\"@id\":\"https:\/\/revpanda.com\/at\/online-casinos\/zypern\/\",\"url\":\"https:\/\/revpanda.com\/at\/online-casinos\/zypern\/\",\"name\":\"Online-Casinos in Zypern f\u00fcr \u00f6sterreichische Spieler 2026\",\"isPartOf\":{\"@id\":\"https:\/\/revpanda.com\/at\/#website\"},\"datePublished\":\"2025-01-30T09:35:55+00:00\",\"dateModified\":\"2026-02-16T13:14:21+00:00\",\"description\":\"Sind Online-Casinos in Zypern f\u00fcr Spieler aus \u00d6sterreich legal und sicher? Alles zu Spielen, Boni und Vorteilen.\",\"breadcrumb\":{\"@id\":\"https:\/\/revpanda.com\/at\/online-casinos\/zypern\/#breadcrumb\"},\"inLanguage\":\"de-AT\",\"potentialAction\":[{\"@type\":\"ReadAction\",\"target\":[\"https:\/\/revpanda.com\/at\/online-casinos\/zypern\/\"]}]},{\"@type\":\"BreadcrumbList\",\"@id\":\"https:\/\/revpanda.com\/at\/online-casinos\/zypern\/#breadcrumb\",\"itemListElement\":[{\"@type\":\"ListItem\",\"position\":1,\"name\":\"Revpanda\",\"item\":\"https:\/\/revpanda.com\/at\/\"},{\"@type\":\"ListItem\",\"position\":2,\"name\":\"Wp json\",\"item\":\"https:\/\/revpanda.com\/at\/wp-json\/\"},{\"@type\":\"ListItem\",\"position\":3,\"name\":\"Wp\",\"item\":\"https:\/\/revpanda.com\/at\/wp-json\/wp\/\"},{\"@type\":\"ListItem\",\"position\":4,\"name\":\"V2\",\"item\":\"https:\/\/revpanda.com\/at\/wp-json\/wp\/v2\/\"},{\"@type\":\"ListItem\",\"position\":5,\"name\":\"Pages\",\"item\":\"https:\/\/revpanda.com\/at\/wp-json\/wp\/v2\/pages\/\"},{\"@type\":\"ListItem\",\"position\":6,\"name\":\"2258\"}],\"name\":\"Online-Casinos in Zypern\"},{\"@type\":\"WebSite\",\"@id\":\"https:\/\/revpanda.com\/at\/#website\",\"url\":\"https:\/\/revpanda.com\/at\/\",\"name\":\"Revpanda\",\"description\":\"\",\"potentialAction\":[{\"@type\":\"SearchAction\",\"target\":{\"@type\":\"EntryPoint\",\"urlTemplate\":\"https:\/\/revpanda.com\/at\/?s={search_term_string}\"},\"query-input\":\"required name=search_term_string\"}],\"inLanguage\":\"de-AT\"}]}<\/script>\n<!-- \/ Yoast SEO plugin. -->","yoast_head_json":{"title":"Online-Casinos in Zypern f\u00fcr \u00f6sterreichische Spieler 2026","description":"Sind Online-Casinos in Zypern f\u00fcr Spieler aus \u00d6sterreich legal und sicher? Alles zu Spielen, Boni und Vorteilen.","robots":{"index":"index","follow":"follow","max-snippet":"max-snippet:-1","max-image-preview":"max-image-preview:large","max-video-preview":"max-video-preview:-1"},"canonical":"https:\/\/revpanda.com\/at\/online-casinos\/zypern\/","og_locale":"de_DE","og_type":"article","og_title":"Revpanda","og_description":"Sind Online-Casinos in Zypern f\u00fcr Spieler aus \u00d6sterreich legal und sicher? Alles zu Spielen, Boni und Vorteilen.","og_url":"https:\/\/revpanda.com\/at\/online-casinos\/zypern\/","og_site_name":"Revpanda","article_modified_time":"2026-02-16T13:14:21+00:00","twitter_card":"summary_large_image","schema":{"@context":"https:\/\/schema.org","@graph":[{"@type":"WebPage","@id":"https:\/\/revpanda.com\/at\/online-casinos\/zypern\/","url":"https:\/\/revpanda.com\/at\/online-casinos\/zypern\/","name":"Online-Casinos in Zypern f\u00fcr \u00f6sterreichische Spieler 2026","isPartOf":{"@id":"https:\/\/revpanda.com\/at\/#website"},"datePublished":"2025-01-30T09:35:55+00:00","dateModified":"2026-02-16T13:14:21+00:00","description":"Sind Online-Casinos in Zypern f\u00fcr Spieler aus \u00d6sterreich legal und sicher? Alles zu Spielen, Boni und Vorteilen.","breadcrumb":{"@id":"https:\/\/revpanda.com\/at\/online-casinos\/zypern\/#breadcrumb"},"inLanguage":"de-AT","potentialAction":[{"@type":"ReadAction","target":["https:\/\/revpanda.com\/at\/online-casinos\/zypern\/"]}]},{"@type":"BreadcrumbList","@id":"https:\/\/revpanda.com\/at\/online-casinos\/zypern\/#breadcrumb","itemListElement":[{"@type":"ListItem","position":1,"name":"Revpanda","item":"https:\/\/revpanda.com\/at\/"},{"@type":"ListItem","position":2,"name":"Wp json","item":"https:\/\/revpanda.com\/at\/wp-json\/"},{"@type":"ListItem","position":3,"name":"Wp","item":"https:\/\/revpanda.com\/at\/wp-json\/wp\/"},{"@type":"ListItem","position":4,"name":"V2","item":"https:\/\/revpanda.com\/at\/wp-json\/wp\/v2\/"},{"@type":"ListItem","position":5,"name":"Pages","item":"https:\/\/revpanda.com\/at\/wp-json\/wp\/v2\/pages\/"},{"@type":"ListItem","position":6,"name":"2258"}],"name":"Online-Casinos in Zypern"},{"@type":"WebSite","@id":"https:\/\/revpanda.com\/at\/#website","url":"https:\/\/revpanda.com\/at\/","name":"Revpanda","description":"","potentialAction":[{"@type":"SearchAction","target":{"@type":"EntryPoint","urlTemplate":"https:\/\/revpanda.com\/at\/?s={search_term_string}"},"query-input":"required name=search_term_string"}],"inLanguage":"de-AT"}]}},"_links":{"self":[{"href":"https:\/\/revpanda.com\/at\/wp-json\/wp\/v2\/pages\/2258"}],"collection":[{"href":"https:\/\/revpanda.com\/at\/wp-json\/wp\/v2\/pages"}],"about":[{"href":"https:\/\/revpanda.com\/at\/wp-json\/wp\/v2\/types\/page"}],"author":[{"embeddable":true,"href":"https:\/\/revpanda.com\/at\/wp-json\/wp\/v2\/users\/14"}],"replies":[{"embeddable":true,"href":"https:\/\/revpanda.com\/at\/wp-json\/wp\/v2\/comments?post=2258"}],"version-history":[{"count":12,"href":"https:\/\/revpanda.com\/at\/wp-json\/wp\/v2\/pages\/2258\/revisions"}],"predecessor-version":[{"id":3684,"href":"https:\/\/revpanda.com\/at\/wp-json\/wp\/v2\/pages\/2258\/revisions\/3684"}],"up":[{"embeddable":true,"href":"https:\/\/revpanda.com\/at\/wp-json\/wp\/v2\/pages\/288"}],"wp:attachment":[{"href":"https:\/\/revpanda.com\/at\/wp-json\/wp\/v2\/media?parent=2258"}],"curies":[{"name":"wp","href":"https:\/\/api.w.org\/{rel}","templated":true}]}}