{"id":2606,"date":"2025-02-10T13:59:34","date_gmt":"2025-02-10T13:59:34","guid":{"rendered":"https:\/\/revpanda.com\/at\/?page_id=2606"},"modified":"2026-03-10T14:25:53","modified_gmt":"2026-03-10T14:25:53","slug":"5-euro","status":"publish","type":"page","link":"https:\/\/revpanda.com\/at\/online-casinos\/ohne-mindesteinzahlung\/5-euro\/","title":{"rendered":"Online-Casinos mit 5 Euro Einzahlung"},"content":{"rendered":"","protected":false},"excerpt":{"rendered":"","protected":false},"author":14,"featured_media":0,"parent":2087,"menu_order":0,"comment_status":"closed","ping_status":"closed","template":"","meta":{"footnotes":""},"acf":[],"yoast_head":"<!-- This site is optimized with the Yoast SEO plugin v21.5 - https:\/\/yoast.com\/wordpress\/plugins\/seo\/ -->\n<title>Top-Online-Casinos mit 5 Euro Einzahlung in \u00d6sterreich 2026<\/title>\n<meta name=\"description\" content=\"Entdecken Sie die besten Online-Casinos mit 5 Euro Einzahlung in \u00d6sterreich. Vergleichen Sie Anbieter und finden Sie die optimalen Spielm\u00f6glichkeiten.\" \/>\n<meta name=\"robots\" content=\"index, follow, max-snippet:-1, max-image-preview:large, max-video-preview:-1\" \/>\n<link rel=\"canonical\" href=\"https:\/\/revpanda.com\/at\/online-casinos\/ohne-mindesteinzahlung\/5-euro\/\" \/>\n<meta property=\"og:locale\" content=\"de_DE\" \/>\n<meta property=\"og:type\" content=\"article\" \/>\n<meta property=\"og:title\" content=\"Revpanda\" \/>\n<meta property=\"og:description\" content=\"Entdecken Sie die besten Online-Casinos mit 5 Euro Einzahlung in \u00d6sterreich. Vergleichen Sie Anbieter und finden Sie die optimalen Spielm\u00f6glichkeiten.\" \/>\n<meta property=\"og:url\" content=\"https:\/\/revpanda.com\/at\/online-casinos\/ohne-mindesteinzahlung\/5-euro\/\" \/>\n<meta property=\"og:site_name\" content=\"Revpanda\" \/>\n<meta property=\"article:modified_time\" content=\"2026-03-10T14:25:53+00:00\" \/>\n<meta name=\"twitter:card\" content=\"summary_large_image\" \/>\n<script type=\"application\/ld+json\" class=\"yoast-schema-graph\">{\"@context\":\"https:\/\/schema.org\",\"@graph\":[{\"@type\":\"WebPage\",\"@id\":\"https:\/\/revpanda.com\/at\/online-casinos\/ohne-mindesteinzahlung\/5-euro\/\",\"url\":\"https:\/\/revpanda.com\/at\/online-casinos\/ohne-mindesteinzahlung\/5-euro\/\",\"name\":\"Top-Online-Casinos mit 5 Euro Einzahlung in \u00d6sterreich 2026\",\"isPartOf\":{\"@id\":\"https:\/\/revpanda.com\/at\/#website\"},\"datePublished\":\"2025-02-10T13:59:34+00:00\",\"dateModified\":\"2026-03-10T14:25:53+00:00\",\"description\":\"Entdecken Sie die besten Online-Casinos mit 5 Euro Einzahlung in \u00d6sterreich. Vergleichen Sie Anbieter und finden Sie die optimalen Spielm\u00f6glichkeiten.\",\"breadcrumb\":{\"@id\":\"https:\/\/revpanda.com\/at\/online-casinos\/ohne-mindesteinzahlung\/5-euro\/#breadcrumb\"},\"inLanguage\":\"de-AT\",\"potentialAction\":[{\"@type\":\"ReadAction\",\"target\":[\"https:\/\/revpanda.com\/at\/online-casinos\/ohne-mindesteinzahlung\/5-euro\/\"]}]},{\"@type\":\"BreadcrumbList\",\"@id\":\"https:\/\/revpanda.com\/at\/online-casinos\/ohne-mindesteinzahlung\/5-euro\/#breadcrumb\",\"itemListElement\":[{\"@type\":\"ListItem\",\"position\":1,\"name\":\"Revpanda\",\"item\":\"https:\/\/revpanda.com\/at\/\"},{\"@type\":\"ListItem\",\"position\":2,\"name\":\"Wp json\",\"item\":\"https:\/\/revpanda.com\/at\/wp-json\/\"},{\"@type\":\"ListItem\",\"position\":3,\"name\":\"Wp\",\"item\":\"https:\/\/revpanda.com\/at\/wp-json\/wp\/\"},{\"@type\":\"ListItem\",\"position\":4,\"name\":\"V2\",\"item\":\"https:\/\/revpanda.com\/at\/wp-json\/wp\/v2\/\"},{\"@type\":\"ListItem\",\"position\":5,\"name\":\"Pages\",\"item\":\"https:\/\/revpanda.com\/at\/wp-json\/wp\/v2\/pages\/\"},{\"@type\":\"ListItem\",\"position\":6,\"name\":\"2606\"}],\"name\":\"Online-Casinos mit 5 Euro Einzahlung\"},{\"@type\":\"WebSite\",\"@id\":\"https:\/\/revpanda.com\/at\/#website\",\"url\":\"https:\/\/revpanda.com\/at\/\",\"name\":\"Revpanda\",\"description\":\"\",\"potentialAction\":[{\"@type\":\"SearchAction\",\"target\":{\"@type\":\"EntryPoint\",\"urlTemplate\":\"https:\/\/revpanda.com\/at\/?s={search_term_string}\"},\"query-input\":\"required name=search_term_string\"}],\"inLanguage\":\"de-AT\"}]}<\/script>\n<!-- \/ Yoast SEO plugin. -->","yoast_head_json":{"title":"Top-Online-Casinos mit 5 Euro Einzahlung in \u00d6sterreich 2026","description":"Entdecken Sie die besten Online-Casinos mit 5 Euro Einzahlung in \u00d6sterreich. Vergleichen Sie Anbieter und finden Sie die optimalen Spielm\u00f6glichkeiten.","robots":{"index":"index","follow":"follow","max-snippet":"max-snippet:-1","max-image-preview":"max-image-preview:large","max-video-preview":"max-video-preview:-1"},"canonical":"https:\/\/revpanda.com\/at\/online-casinos\/ohne-mindesteinzahlung\/5-euro\/","og_locale":"de_DE","og_type":"article","og_title":"Revpanda","og_description":"Entdecken Sie die besten Online-Casinos mit 5 Euro Einzahlung in \u00d6sterreich. Vergleichen Sie Anbieter und finden Sie die optimalen Spielm\u00f6glichkeiten.","og_url":"https:\/\/revpanda.com\/at\/online-casinos\/ohne-mindesteinzahlung\/5-euro\/","og_site_name":"Revpanda","article_modified_time":"2026-03-10T14:25:53+00:00","twitter_card":"summary_large_image","schema":{"@context":"https:\/\/schema.org","@graph":[{"@type":"WebPage","@id":"https:\/\/revpanda.com\/at\/online-casinos\/ohne-mindesteinzahlung\/5-euro\/","url":"https:\/\/revpanda.com\/at\/online-casinos\/ohne-mindesteinzahlung\/5-euro\/","name":"Top-Online-Casinos mit 5 Euro Einzahlung in \u00d6sterreich 2026","isPartOf":{"@id":"https:\/\/revpanda.com\/at\/#website"},"datePublished":"2025-02-10T13:59:34+00:00","dateModified":"2026-03-10T14:25:53+00:00","description":"Entdecken Sie die besten Online-Casinos mit 5 Euro Einzahlung in \u00d6sterreich. Vergleichen Sie Anbieter und finden Sie die optimalen Spielm\u00f6glichkeiten.","breadcrumb":{"@id":"https:\/\/revpanda.com\/at\/online-casinos\/ohne-mindesteinzahlung\/5-euro\/#breadcrumb"},"inLanguage":"de-AT","potentialAction":[{"@type":"ReadAction","target":["https:\/\/revpanda.com\/at\/online-casinos\/ohne-mindesteinzahlung\/5-euro\/"]}]},{"@type":"BreadcrumbList","@id":"https:\/\/revpanda.com\/at\/online-casinos\/ohne-mindesteinzahlung\/5-euro\/#breadcrumb","itemListElement":[{"@type":"ListItem","position":1,"name":"Revpanda","item":"https:\/\/revpanda.com\/at\/"},{"@type":"ListItem","position":2,"name":"Wp json","item":"https:\/\/revpanda.com\/at\/wp-json\/"},{"@type":"ListItem","position":3,"name":"Wp","item":"https:\/\/revpanda.com\/at\/wp-json\/wp\/"},{"@type":"ListItem","position":4,"name":"V2","item":"https:\/\/revpanda.com\/at\/wp-json\/wp\/v2\/"},{"@type":"ListItem","position":5,"name":"Pages","item":"https:\/\/revpanda.com\/at\/wp-json\/wp\/v2\/pages\/"},{"@type":"ListItem","position":6,"name":"2606"}],"name":"Online-Casinos mit 5 Euro Einzahlung"},{"@type":"WebSite","@id":"https:\/\/revpanda.com\/at\/#website","url":"https:\/\/revpanda.com\/at\/","name":"Revpanda","description":"","potentialAction":[{"@type":"SearchAction","target":{"@type":"EntryPoint","urlTemplate":"https:\/\/revpanda.com\/at\/?s={search_term_string}"},"query-input":"required name=search_term_string"}],"inLanguage":"de-AT"}]}},"_links":{"self":[{"href":"https:\/\/revpanda.com\/at\/wp-json\/wp\/v2\/pages\/2606"}],"collection":[{"href":"https:\/\/revpanda.com\/at\/wp-json\/wp\/v2\/pages"}],"about":[{"href":"https:\/\/revpanda.com\/at\/wp-json\/wp\/v2\/types\/page"}],"author":[{"embeddable":true,"href":"https:\/\/revpanda.com\/at\/wp-json\/wp\/v2\/users\/14"}],"replies":[{"embeddable":true,"href":"https:\/\/revpanda.com\/at\/wp-json\/wp\/v2\/comments?post=2606"}],"version-history":[{"count":6,"href":"https:\/\/revpanda.com\/at\/wp-json\/wp\/v2\/pages\/2606\/revisions"}],"predecessor-version":[{"id":2621,"href":"https:\/\/revpanda.com\/at\/wp-json\/wp\/v2\/pages\/2606\/revisions\/2621"}],"up":[{"embeddable":true,"href":"https:\/\/revpanda.com\/at\/wp-json\/wp\/v2\/pages\/2087"}],"wp:attachment":[{"href":"https:\/\/revpanda.com\/at\/wp-json\/wp\/v2\/media?parent=2606"}],"curies":[{"name":"wp","href":"https:\/\/api.w.org\/{rel}","templated":true}]}}