{"id":8,"date":"2024-11-13T12:48:59","date_gmt":"2024-11-13T12:48:59","guid":{"rendered":"https:\/\/revpanda.com\/at\/?page_id=8"},"modified":"2025-03-11T09:43:33","modified_gmt":"2025-03-11T09:43:33","slug":"media","status":"publish","type":"page","link":"https:\/\/revpanda.com\/at\/media\/","title":{"rendered":"Revpanda Media"},"content":{"rendered":"","protected":false},"excerpt":{"rendered":"","protected":false},"author":14,"featured_media":0,"parent":0,"menu_order":0,"comment_status":"closed","ping_status":"closed","template":"page-templates\/page-media.php","meta":{"footnotes":""},"acf":[],"yoast_head":"<!-- This site is optimized with the Yoast SEO plugin v21.5 - https:\/\/yoast.com\/wordpress\/plugins\/seo\/ -->\n<title>Revpanda Media: Hochwertiger Traffic f\u00fcr Casinos &amp; Sportwetten<\/title>\n<meta name=\"description\" content=\"Revpanda Media unterst\u00fctzt iGaming-Unternehmen mit hochwertigen Leads und gezieltem Traffic \u00fcber ein zuverl\u00e4ssiges Affiliate-Netzwerk.\" \/>\n<meta name=\"robots\" content=\"index, follow, max-snippet:-1, max-image-preview:large, max-video-preview:-1\" \/>\n<link rel=\"canonical\" href=\"https:\/\/revpanda.com\/at\/media\/\" \/>\n<meta property=\"og:locale\" content=\"de_DE\" \/>\n<meta property=\"og:type\" content=\"article\" \/>\n<meta property=\"og:title\" content=\"Revpanda\" \/>\n<meta property=\"og:description\" content=\"Revpanda Media unterst\u00fctzt iGaming-Unternehmen mit hochwertigen Leads und gezieltem Traffic \u00fcber ein zuverl\u00e4ssiges Affiliate-Netzwerk.\" \/>\n<meta property=\"og:url\" content=\"https:\/\/revpanda.com\/at\/media\/\" \/>\n<meta property=\"og:site_name\" content=\"Revpanda\" \/>\n<meta property=\"article:modified_time\" content=\"2025-03-11T09:43:33+00:00\" \/>\n<meta name=\"twitter:card\" content=\"summary_large_image\" \/>\n<script type=\"application\/ld+json\" class=\"yoast-schema-graph\">{\"@context\":\"https:\/\/schema.org\",\"@graph\":[{\"@type\":\"WebPage\",\"@id\":\"https:\/\/revpanda.com\/at\/media\/\",\"url\":\"https:\/\/revpanda.com\/at\/media\/\",\"name\":\"Revpanda Media: Hochwertiger Traffic f\u00fcr Casinos & Sportwetten\",\"isPartOf\":{\"@id\":\"https:\/\/revpanda.com\/at\/#website\"},\"datePublished\":\"2024-11-13T12:48:59+00:00\",\"dateModified\":\"2025-03-11T09:43:33+00:00\",\"description\":\"Revpanda Media unterst\u00fctzt iGaming-Unternehmen mit hochwertigen Leads und gezieltem Traffic \u00fcber ein zuverl\u00e4ssiges Affiliate-Netzwerk.\",\"breadcrumb\":{\"@id\":\"https:\/\/revpanda.com\/at\/media\/#breadcrumb\"},\"inLanguage\":\"de-AT\",\"potentialAction\":[{\"@type\":\"ReadAction\",\"target\":[\"https:\/\/revpanda.com\/at\/media\/\"]}]},{\"@type\":\"BreadcrumbList\",\"@id\":\"https:\/\/revpanda.com\/at\/media\/#breadcrumb\",\"itemListElement\":[{\"@type\":\"ListItem\",\"position\":1,\"name\":\"Revpanda\",\"item\":\"https:\/\/revpanda.com\/at\/\"},{\"@type\":\"ListItem\",\"position\":2,\"name\":\"Wp json\",\"item\":\"https:\/\/revpanda.com\/at\/wp-json\/\"},{\"@type\":\"ListItem\",\"position\":3,\"name\":\"Wp\",\"item\":\"https:\/\/revpanda.com\/at\/wp-json\/wp\/\"},{\"@type\":\"ListItem\",\"position\":4,\"name\":\"V2\",\"item\":\"https:\/\/revpanda.com\/at\/wp-json\/wp\/v2\/\"},{\"@type\":\"ListItem\",\"position\":5,\"name\":\"Pages\",\"item\":\"https:\/\/revpanda.com\/at\/wp-json\/wp\/v2\/pages\/\"},{\"@type\":\"ListItem\",\"position\":6,\"name\":\"8\"}],\"name\":\"Revpanda Media\"},{\"@type\":\"WebSite\",\"@id\":\"https:\/\/revpanda.com\/at\/#website\",\"url\":\"https:\/\/revpanda.com\/at\/\",\"name\":\"Revpanda\",\"description\":\"\",\"potentialAction\":[{\"@type\":\"SearchAction\",\"target\":{\"@type\":\"EntryPoint\",\"urlTemplate\":\"https:\/\/revpanda.com\/at\/?s={search_term_string}\"},\"query-input\":\"required name=search_term_string\"}],\"inLanguage\":\"de-AT\"}]}<\/script>\n<!-- \/ Yoast SEO plugin. -->","yoast_head_json":{"title":"Revpanda Media: Hochwertiger Traffic f\u00fcr Casinos & Sportwetten","description":"Revpanda Media unterst\u00fctzt iGaming-Unternehmen mit hochwertigen Leads und gezieltem Traffic \u00fcber ein zuverl\u00e4ssiges Affiliate-Netzwerk.","robots":{"index":"index","follow":"follow","max-snippet":"max-snippet:-1","max-image-preview":"max-image-preview:large","max-video-preview":"max-video-preview:-1"},"canonical":"https:\/\/revpanda.com\/at\/media\/","og_locale":"de_DE","og_type":"article","og_title":"Revpanda","og_description":"Revpanda Media unterst\u00fctzt iGaming-Unternehmen mit hochwertigen Leads und gezieltem Traffic \u00fcber ein zuverl\u00e4ssiges Affiliate-Netzwerk.","og_url":"https:\/\/revpanda.com\/at\/media\/","og_site_name":"Revpanda","article_modified_time":"2025-03-11T09:43:33+00:00","twitter_card":"summary_large_image","schema":{"@context":"https:\/\/schema.org","@graph":[{"@type":"WebPage","@id":"https:\/\/revpanda.com\/at\/media\/","url":"https:\/\/revpanda.com\/at\/media\/","name":"Revpanda Media: Hochwertiger Traffic f\u00fcr Casinos & Sportwetten","isPartOf":{"@id":"https:\/\/revpanda.com\/at\/#website"},"datePublished":"2024-11-13T12:48:59+00:00","dateModified":"2025-03-11T09:43:33+00:00","description":"Revpanda Media unterst\u00fctzt iGaming-Unternehmen mit hochwertigen Leads und gezieltem Traffic \u00fcber ein zuverl\u00e4ssiges Affiliate-Netzwerk.","breadcrumb":{"@id":"https:\/\/revpanda.com\/at\/media\/#breadcrumb"},"inLanguage":"de-AT","potentialAction":[{"@type":"ReadAction","target":["https:\/\/revpanda.com\/at\/media\/"]}]},{"@type":"BreadcrumbList","@id":"https:\/\/revpanda.com\/at\/media\/#breadcrumb","itemListElement":[{"@type":"ListItem","position":1,"name":"Revpanda","item":"https:\/\/revpanda.com\/at\/"},{"@type":"ListItem","position":2,"name":"Wp json","item":"https:\/\/revpanda.com\/at\/wp-json\/"},{"@type":"ListItem","position":3,"name":"Wp","item":"https:\/\/revpanda.com\/at\/wp-json\/wp\/"},{"@type":"ListItem","position":4,"name":"V2","item":"https:\/\/revpanda.com\/at\/wp-json\/wp\/v2\/"},{"@type":"ListItem","position":5,"name":"Pages","item":"https:\/\/revpanda.com\/at\/wp-json\/wp\/v2\/pages\/"},{"@type":"ListItem","position":6,"name":"8"}],"name":"Revpanda Media"},{"@type":"WebSite","@id":"https:\/\/revpanda.com\/at\/#website","url":"https:\/\/revpanda.com\/at\/","name":"Revpanda","description":"","potentialAction":[{"@type":"SearchAction","target":{"@type":"EntryPoint","urlTemplate":"https:\/\/revpanda.com\/at\/?s={search_term_string}"},"query-input":"required name=search_term_string"}],"inLanguage":"de-AT"}]}},"_links":{"self":[{"href":"https:\/\/revpanda.com\/at\/wp-json\/wp\/v2\/pages\/8"}],"collection":[{"href":"https:\/\/revpanda.com\/at\/wp-json\/wp\/v2\/pages"}],"about":[{"href":"https:\/\/revpanda.com\/at\/wp-json\/wp\/v2\/types\/page"}],"author":[{"embeddable":true,"href":"https:\/\/revpanda.com\/at\/wp-json\/wp\/v2\/users\/14"}],"replies":[{"embeddable":true,"href":"https:\/\/revpanda.com\/at\/wp-json\/wp\/v2\/comments?post=8"}],"version-history":[{"count":32,"href":"https:\/\/revpanda.com\/at\/wp-json\/wp\/v2\/pages\/8\/revisions"}],"predecessor-version":[{"id":3261,"href":"https:\/\/revpanda.com\/at\/wp-json\/wp\/v2\/pages\/8\/revisions\/3261"}],"wp:attachment":[{"href":"https:\/\/revpanda.com\/at\/wp-json\/wp\/v2\/media?parent=8"}],"curies":[{"name":"wp","href":"https:\/\/api.w.org\/{rel}","templated":true}]}}