{"id":71,"date":"2025-03-13T16:36:33","date_gmt":"2025-03-13T16:36:33","guid":{"rendered":"https:\/\/revpanda.com\/no\/?page_id=71"},"modified":"2026-02-09T08:38:07","modified_gmt":"2026-02-09T08:38:07","slug":"kontakt-oss","status":"publish","type":"page","link":"https:\/\/revpanda.com\/no\/kontakt-oss\/","title":{"rendered":"Kontakt Oss"},"content":{"rendered":"","protected":false},"excerpt":{"rendered":"","protected":false},"author":10,"featured_media":0,"parent":0,"menu_order":0,"comment_status":"closed","ping_status":"closed","template":"","meta":{"footnotes":""},"acf":[],"yoast_head":"<!-- This site is optimized with the Yoast SEO plugin v21.5 - https:\/\/yoast.com\/wordpress\/plugins\/seo\/ -->\n<title>Revpanda #1 Digital markedsf\u00f8ringsbyr\u00e5<\/title>\n<meta name=\"description\" content=\"Kontakt Revpanda for ekspert iGaming-markedsf\u00f8ring, media og trafikkl\u00f8sninger. Ta kontakt med oss for \u00e5 utforske skreddersydde tjenester og partnerskap.\" \/>\n<meta name=\"robots\" content=\"index, follow, max-snippet:-1, max-image-preview:large, max-video-preview:-1\" \/>\n<link rel=\"canonical\" href=\"https:\/\/revpanda.com\/no\/kontakt-oss\/\" \/>\n<meta property=\"og:locale\" content=\"nb_NO\" \/>\n<meta property=\"og:type\" content=\"article\" \/>\n<meta property=\"og:title\" content=\"Revpanda\" \/>\n<meta property=\"og:description\" content=\"Kontakt Revpanda for ekspert iGaming-markedsf\u00f8ring, media og trafikkl\u00f8sninger. Ta kontakt med oss for \u00e5 utforske skreddersydde tjenester og partnerskap.\" \/>\n<meta property=\"og:url\" content=\"https:\/\/revpanda.com\/no\/kontakt-oss\/\" \/>\n<meta property=\"og:site_name\" content=\"Revpanda\" \/>\n<meta property=\"article:modified_time\" content=\"2026-02-09T08:38:07+00:00\" \/>\n<meta name=\"twitter:card\" content=\"summary_large_image\" \/>\n<script type=\"application\/ld+json\" class=\"yoast-schema-graph\">{\"@context\":\"https:\/\/schema.org\",\"@graph\":[{\"@type\":\"WebPage\",\"@id\":\"https:\/\/revpanda.com\/no\/kontakt-oss\/\",\"url\":\"https:\/\/revpanda.com\/no\/kontakt-oss\/\",\"name\":\"Revpanda #1 Digital markedsf\u00f8ringsbyr\u00e5\",\"isPartOf\":{\"@id\":\"https:\/\/revpanda.com\/no\/#website\"},\"datePublished\":\"2025-03-13T16:36:33+00:00\",\"dateModified\":\"2026-02-09T08:38:07+00:00\",\"description\":\"Kontakt Revpanda for ekspert iGaming-markedsf\u00f8ring, media og trafikkl\u00f8sninger. Ta kontakt med oss for \u00e5 utforske skreddersydde tjenester og partnerskap.\",\"breadcrumb\":{\"@id\":\"https:\/\/revpanda.com\/no\/kontakt-oss\/#breadcrumb\"},\"inLanguage\":\"nb-NO\",\"potentialAction\":[{\"@type\":\"ReadAction\",\"target\":[\"https:\/\/revpanda.com\/no\/kontakt-oss\/\"]}]},{\"@type\":\"BreadcrumbList\",\"@id\":\"https:\/\/revpanda.com\/no\/kontakt-oss\/#breadcrumb\",\"itemListElement\":[{\"@type\":\"ListItem\",\"position\":1,\"name\":\"Home\",\"item\":\"https:\/\/revpanda.com\/no\/\"},{\"@type\":\"ListItem\",\"position\":2,\"name\":\"Wp json\",\"item\":\"https:\/\/revpanda.com\/no\/wp-json\/\"},{\"@type\":\"ListItem\",\"position\":3,\"name\":\"Wp\",\"item\":\"https:\/\/revpanda.com\/no\/wp-json\/wp\/\"},{\"@type\":\"ListItem\",\"position\":4,\"name\":\"V2\",\"item\":\"https:\/\/revpanda.com\/no\/wp-json\/wp\/v2\/\"},{\"@type\":\"ListItem\",\"position\":5,\"name\":\"Pages\",\"item\":\"https:\/\/revpanda.com\/no\/wp-json\/wp\/v2\/pages\/\"},{\"@type\":\"ListItem\",\"position\":6,\"name\":\"71\"}],\"name\":\"Kontakt Oss\"},{\"@type\":\"WebSite\",\"@id\":\"https:\/\/revpanda.com\/no\/#website\",\"url\":\"https:\/\/revpanda.com\/no\/\",\"name\":\"Revpanda\",\"description\":\"\",\"potentialAction\":[{\"@type\":\"SearchAction\",\"target\":{\"@type\":\"EntryPoint\",\"urlTemplate\":\"https:\/\/revpanda.com\/no\/?s={search_term_string}\"},\"query-input\":\"required name=search_term_string\"}],\"inLanguage\":\"nb-NO\"}]}<\/script>\n<!-- \/ Yoast SEO plugin. -->","yoast_head_json":{"title":"Revpanda #1 Digital markedsf\u00f8ringsbyr\u00e5","description":"Kontakt Revpanda for ekspert iGaming-markedsf\u00f8ring, media og trafikkl\u00f8sninger. Ta kontakt med oss for \u00e5 utforske skreddersydde tjenester og partnerskap.","robots":{"index":"index","follow":"follow","max-snippet":"max-snippet:-1","max-image-preview":"max-image-preview:large","max-video-preview":"max-video-preview:-1"},"canonical":"https:\/\/revpanda.com\/no\/kontakt-oss\/","og_locale":"nb_NO","og_type":"article","og_title":"Revpanda","og_description":"Kontakt Revpanda for ekspert iGaming-markedsf\u00f8ring, media og trafikkl\u00f8sninger. Ta kontakt med oss for \u00e5 utforske skreddersydde tjenester og partnerskap.","og_url":"https:\/\/revpanda.com\/no\/kontakt-oss\/","og_site_name":"Revpanda","article_modified_time":"2026-02-09T08:38:07+00:00","twitter_card":"summary_large_image","schema":{"@context":"https:\/\/schema.org","@graph":[{"@type":"WebPage","@id":"https:\/\/revpanda.com\/no\/kontakt-oss\/","url":"https:\/\/revpanda.com\/no\/kontakt-oss\/","name":"Revpanda #1 Digital markedsf\u00f8ringsbyr\u00e5","isPartOf":{"@id":"https:\/\/revpanda.com\/no\/#website"},"datePublished":"2025-03-13T16:36:33+00:00","dateModified":"2026-02-09T08:38:07+00:00","description":"Kontakt Revpanda for ekspert iGaming-markedsf\u00f8ring, media og trafikkl\u00f8sninger. Ta kontakt med oss for \u00e5 utforske skreddersydde tjenester og partnerskap.","breadcrumb":{"@id":"https:\/\/revpanda.com\/no\/kontakt-oss\/#breadcrumb"},"inLanguage":"nb-NO","potentialAction":[{"@type":"ReadAction","target":["https:\/\/revpanda.com\/no\/kontakt-oss\/"]}]},{"@type":"BreadcrumbList","@id":"https:\/\/revpanda.com\/no\/kontakt-oss\/#breadcrumb","itemListElement":[{"@type":"ListItem","position":1,"name":"Home","item":"https:\/\/revpanda.com\/no\/"},{"@type":"ListItem","position":2,"name":"Wp json","item":"https:\/\/revpanda.com\/no\/wp-json\/"},{"@type":"ListItem","position":3,"name":"Wp","item":"https:\/\/revpanda.com\/no\/wp-json\/wp\/"},{"@type":"ListItem","position":4,"name":"V2","item":"https:\/\/revpanda.com\/no\/wp-json\/wp\/v2\/"},{"@type":"ListItem","position":5,"name":"Pages","item":"https:\/\/revpanda.com\/no\/wp-json\/wp\/v2\/pages\/"},{"@type":"ListItem","position":6,"name":"71"}],"name":"Kontakt Oss"},{"@type":"WebSite","@id":"https:\/\/revpanda.com\/no\/#website","url":"https:\/\/revpanda.com\/no\/","name":"Revpanda","description":"","potentialAction":[{"@type":"SearchAction","target":{"@type":"EntryPoint","urlTemplate":"https:\/\/revpanda.com\/no\/?s={search_term_string}"},"query-input":"required name=search_term_string"}],"inLanguage":"nb-NO"}]}},"_links":{"self":[{"href":"https:\/\/revpanda.com\/no\/wp-json\/wp\/v2\/pages\/71"}],"collection":[{"href":"https:\/\/revpanda.com\/no\/wp-json\/wp\/v2\/pages"}],"about":[{"href":"https:\/\/revpanda.com\/no\/wp-json\/wp\/v2\/types\/page"}],"author":[{"embeddable":true,"href":"https:\/\/revpanda.com\/no\/wp-json\/wp\/v2\/users\/10"}],"replies":[{"embeddable":true,"href":"https:\/\/revpanda.com\/no\/wp-json\/wp\/v2\/comments?post=71"}],"version-history":[{"count":5,"href":"https:\/\/revpanda.com\/no\/wp-json\/wp\/v2\/pages\/71\/revisions"}],"predecessor-version":[{"id":170,"href":"https:\/\/revpanda.com\/no\/wp-json\/wp\/v2\/pages\/71\/revisions\/170"}],"wp:attachment":[{"href":"https:\/\/revpanda.com\/no\/wp-json\/wp\/v2\/media?parent=71"}],"curies":[{"name":"wp","href":"https:\/\/api.w.org\/{rel}","templated":true}]}}